{"id":37,"date":"2016-06-02T16:16:38","date_gmt":"2016-06-02T16:16:38","guid":{"rendered":"http:\/\/floresdecampomaior.pt\/es\/?page_id=37"},"modified":"2016-06-06T09:58:28","modified_gmt":"2016-06-06T09:58:28","slug":"acerca-de","status":"publish","type":"page","link":"http:\/\/floresdecampomaior.pt\/es\/acerca-de\/","title":{"rendered":"Acerca de"},"content":{"rendered":"<p style=\"text-align: justify;\"><img loading=\"lazy\" class=\"aligncenter size-full wp-image-52\" src=\"http:\/\/floresdecampomaior.pt\/es\/wp-content\/uploads\/2016\/06\/Acerca.jpg\" alt=\"Acerca de Flores de Campo Maior\" width=\"1200\" height=\"380\" srcset=\"http:\/\/floresdecampomaior.pt\/es\/wp-content\/uploads\/2016\/06\/Acerca.jpg 1200w, http:\/\/floresdecampomaior.pt\/es\/wp-content\/uploads\/2016\/06\/Acerca-300x95.jpg 300w, http:\/\/floresdecampomaior.pt\/es\/wp-content\/uploads\/2016\/06\/Acerca-768x243.jpg 768w, http:\/\/floresdecampomaior.pt\/es\/wp-content\/uploads\/2016\/06\/Acerca-1024x324.jpg 1024w\" sizes=\"(max-width: 1200px) 100vw, 1200px\" \/><\/p>\n<p style=\"text-align: justify;\">Las Festas do Povo de Campo Maior, tambi\u00e9n conocidas por Festas das Flores y Festas dos Artistas, son un evento de cariz popular que, en los \u00faltimos a\u00f1os, se ha afirmado como uno de los m\u00e1s grandes del g\u00e9nero en el panorama cultural portugu\u00e9s.<\/p>\n<p style=\"text-align: justify;\">En l\u00edneas generales, las Festas do Povo de Campo Maior consisten en la decoraci\u00f3n de una cantidad significativa de calles del pueblo (cerca de 100 en la \u00faltima edici\u00f3n) con flores y otros motivos de papel hechos a mano por los vecinos de cada una de esas calles.<\/p>\n<p style=\"text-align: justify;\">Aunque su origen sea tema de discusi\u00f3n, es cierto que las Festas do Povo de Campo Maior surgieron a finales del siglo XIX y que, desde esa \u00e9poca, se han realizado 35 ediciones, n\u00famero que refleja su periodicidad irregular.<\/p>\n<p style=\"text-align: justify;\">De hecho, las Festas do Povo de Campo Maior se celebran s\u00f3lo cuando el Pueblo quiere, porque es el Pueblo quien las hace y cabe al Pueblo, a sus vecinos, la decisi\u00f3n \u00faltima de avanzar o no con tan grande esfuerzo: vestir una localidad entera con flores de papel hechas a mano.<\/p>\n<h3 style=\"text-align: justify;\">Es m\u00e1s, esta forma de organizaci\u00f3n es lo que hace de estas fiestas algo \u00fanico en el mundo. Un evento que depende del voluntariado y con n\u00fameros que impresionan: 5 mil personas, 3 millones de horas de trabajo, 30 toneladas de materiales (papel, madera, pegamento, etc), quil\u00f3metros de calles engalanadas y centenares de miles de visitantes de todo el pa\u00eds y del extranjero.<\/h3>\n<p style=\"text-align: justify;\">Si las primeras ediciones de las Festas do Povo de Campo Maior eran un evento marcadamente local, con poco o ning\u00fan impacto a nivel de visitantes llegados de fuera de las fronteras del municipio, la verdad es que a lo largo de los a\u00f1os la evoluci\u00f3n se fue haciendo patente. En la d\u00e9cada de los 70 del siglo XX las fiestas eran ya una forma de promoci\u00f3n del municipio con ecos a nivel internacional.<\/p>\n<p style=\"text-align: justify;\">Avanzando algunas d\u00e9cadas m\u00e1s, las \u00faltimas ediciones del siglo XX y las primeras del siglo XXI fueron la afirmaci\u00f3n definitiva de las Festas do Povo como un evento de visita obligatoria para miles de personas y como el principal reclamo tur\u00edstico de Campo Maior.<\/p>\n<p style=\"text-align: justify;\">En el siglo XXI, las Festas do Povo de Campo Maior han llegado a un nivel de organizaci\u00f3n que tiene impacto en la econom\u00eda local y en la creaci\u00f3n de puestos de trabajo relacionados directamente con el evento.<\/p>\n<p style=\"text-align: justify;\">En el transcurso de una semana, el tiempo que dura una edici\u00f3n, las Festas do Povo son responsables de la creaci\u00f3n de cerca de 200 puestos de trabajo; mueven de forma directa cerca de 1,5 millones de euros y tienen impacto econ\u00f3mico directo en un \u00e1rea geogr\u00e1fica con un radio de 100 quil\u00f3metros, que incluye algunas regiones de Espa\u00f1a.<\/p>\n<p style=\"text-align: justify;\">Pero esta din\u00e1mica se pierde entre cada una de las ediciones de un evento que, fruto de sus caracter\u00edsticas, no se puede replicar anualmente.<\/p>\n<p style=\"text-align: justify;\">A pesar de ello,\u00a0las Festas do Povo son\u00a0ya una\u00a0\u201cmarca\u201d reconocida a nivel nacional, que podr\u00edan\u00a0contribuir al\u00a0desarrollo econ\u00f3mico del municipio, incluso en los a\u00f1os en que no se realizan. Se hace necesario extender su impacto econ\u00f3mico y social en el tiempo.<\/p>\n<p style=\"text-align: justify;\">El Ayuntamiento de Campo Maior no tiene dudas en calificar a\u00a0las Festas do Povo como uno de los grandes eventos culturales del pa\u00eds y, en este contexto, es importante buscar su mayor val\u00eda, su sustentabilidad y su salvaguarda.<\/p>\n<p style=\"text-align: justify;\">As\u00ed, el Ayuntamiento ha decidido\u00a0llevar a la pr\u00e1ctica una serie de acciones que puedan contribuir a este objetivo, entre las cuales est\u00e1 la <strong>creaci\u00f3n de una marca y de un producto que permitan la sustentabilidad del evento entre ediciones y que puedan, de alguna forma, responder a una pregunta que hace mucho tiempo todos nos hacemos:<\/strong><\/p>\n<h2 style=\"text-align: justify;\">Ser\u00e1 que existe alguien, en alguna parte del mundo, que pueda enamorarse tanto o m\u00e1s que nosotros de las flores que nacen de nuestras manos?<\/h2>\n<p style=\"text-align: justify;\">Y as\u00ed nace la marca\/producto:<\/p>\n<h3 style=\"text-align: justify;\">FLORES DE CAMPO MAIOR<\/h3>\n<p style=\"text-align: justify;\">Al mismo tiempo, las Flores de Papel de Campo Maior asumen tambi\u00e9n las caracter\u00edsticas de un producto solidario, cuya compra contribuir\u00e1 a causas y proyectos en el \u00e1mbito social.<\/p>\n<p style=\"text-align: justify;\">Este esp\u00edritu se consigue a trav\u00e9s de la asociaci\u00f3n a la Cooperativa de Solidaridad Social Raia Mayor, una entidad que tiene como cooperativistas a personas desfavorecidas y que contribuye tanto para el aumento del empleo en el Municipio de Campo Maior, como para la integraci\u00f3n en la sociedad de los individuos mas vulnerables.<\/p>\n","protected":false},"excerpt":{"rendered":"<p>Las Festas do Povo de Campo Maior, tambi\u00e9n conocidas por Festas das Flores y Festas dos Artistas, son un evento de cariz popular que, en los \u00faltimos a\u00f1os, se ha afirmado como uno de los m\u00e1s grandes del g\u00e9nero en el panorama cultural portugu\u00e9s. En l\u00edneas generales, las Festas do Povo de Campo Maior consisten [&hellip;]<\/p>\n","protected":false},"author":1,"featured_media":0,"parent":0,"menu_order":0,"comment_status":"closed","ping_status":"closed","template":"","meta":{"spay_email":""},"jetpack_sharing_enabled":true,"jetpack_shortlink":"https:\/\/wp.me\/P7CsTU-B","_links":{"self":[{"href":"http:\/\/floresdecampomaior.pt\/es\/wp-json\/wp\/v2\/pages\/37"}],"collection":[{"href":"http:\/\/floresdecampomaior.pt\/es\/wp-json\/wp\/v2\/pages"}],"about":[{"href":"http:\/\/floresdecampomaior.pt\/es\/wp-json\/wp\/v2\/types\/page"}],"author":[{"embeddable":true,"href":"http:\/\/floresdecampomaior.pt\/es\/wp-json\/wp\/v2\/users\/1"}],"replies":[{"embeddable":true,"href":"http:\/\/floresdecampomaior.pt\/es\/wp-json\/wp\/v2\/comments?post=37"}],"version-history":[{"count":5,"href":"http:\/\/floresdecampomaior.pt\/es\/wp-json\/wp\/v2\/pages\/37\/revisions"}],"predecessor-version":[{"id":54,"href":"http:\/\/floresdecampomaior.pt\/es\/wp-json\/wp\/v2\/pages\/37\/revisions\/54"}],"wp:attachment":[{"href":"http:\/\/floresdecampomaior.pt\/es\/wp-json\/wp\/v2\/media?parent=37"}],"curies":[{"name":"wp","href":"https:\/\/api.w.org\/{rel}","templated":true}]}}