{"id":23,"date":"2016-06-02T13:36:10","date_gmt":"2016-06-02T13:36:10","guid":{"rendered":"http:\/\/floresdecampomaior.pt\/es\/?page_id=23"},"modified":"2016-06-05T08:51:59","modified_gmt":"2016-06-05T08:51:59","slug":"flores-solidarias","status":"publish","type":"page","link":"http:\/\/floresdecampomaior.pt\/es\/flores-solidarias\/","title":{"rendered":"Flores Solidarias"},"content":{"rendered":"<h3 style=\"text-align: justify;\"><img loading=\"lazy\" class=\"aligncenter size-full wp-image-24\" src=\"http:\/\/floresdecampomaior.pt\/es\/wp-content\/uploads\/2016\/06\/Flores-Solidarias.jpg\" alt=\"Flores Solidarias\" width=\"1200\" height=\"677\" srcset=\"http:\/\/floresdecampomaior.pt\/es\/wp-content\/uploads\/2016\/06\/Flores-Solidarias.jpg 1200w, http:\/\/floresdecampomaior.pt\/es\/wp-content\/uploads\/2016\/06\/Flores-Solidarias-300x169.jpg 300w, http:\/\/floresdecampomaior.pt\/es\/wp-content\/uploads\/2016\/06\/Flores-Solidarias-768x433.jpg 768w, http:\/\/floresdecampomaior.pt\/es\/wp-content\/uploads\/2016\/06\/Flores-Solidarias-1024x578.jpg 1024w\" sizes=\"(max-width: 1200px) 100vw, 1200px\" \/><\/h3>\n<h3 style=\"text-align: justify;\">Las Flores de Campo Maior son flores solidarias.<\/h3>\n<h3 style=\"text-align: justify;\">Al comprar nuestro producto est\u00e1 ayudando a la Cooperativa Social Raia Mayor, un proyecto que re\u00fane varias instituciones sociales de Campo Maior, que tiene por objetivo apoyar y facilitar la integraci\u00f3n en la sociedad de personas desfavorecidas, consolidando y creando nuevos puestos de trabajo.<\/h3>\n<h3 style=\"text-align: justify;\">Al comprar una Flor de Campo Maior no solo est\u00e1s valorizando el arte de todo un pueblo, est\u00e1s tambi\u00e9n contribuyendo a una causa social.<\/h3>\n","protected":false},"excerpt":{"rendered":"<p>Las Flores de Campo Maior son flores solidarias. Al comprar nuestro producto est\u00e1 ayudando a la Cooperativa Social Raia Mayor, un proyecto que re\u00fane varias instituciones sociales de Campo Maior, que tiene por objetivo apoyar y facilitar la integraci\u00f3n en la sociedad de personas desfavorecidas, consolidando y creando nuevos puestos de trabajo. Al comprar una [&hellip;]<\/p>\n","protected":false},"author":1,"featured_media":0,"parent":0,"menu_order":0,"comment_status":"closed","ping_status":"closed","template":"","meta":{"spay_email":""},"jetpack_sharing_enabled":true,"jetpack_shortlink":"https:\/\/wp.me\/P7CsTU-n","_links":{"self":[{"href":"http:\/\/floresdecampomaior.pt\/es\/wp-json\/wp\/v2\/pages\/23"}],"collection":[{"href":"http:\/\/floresdecampomaior.pt\/es\/wp-json\/wp\/v2\/pages"}],"about":[{"href":"http:\/\/floresdecampomaior.pt\/es\/wp-json\/wp\/v2\/types\/page"}],"author":[{"embeddable":true,"href":"http:\/\/floresdecampomaior.pt\/es\/wp-json\/wp\/v2\/users\/1"}],"replies":[{"embeddable":true,"href":"http:\/\/floresdecampomaior.pt\/es\/wp-json\/wp\/v2\/comments?post=23"}],"version-history":[{"count":3,"href":"http:\/\/floresdecampomaior.pt\/es\/wp-json\/wp\/v2\/pages\/23\/revisions"}],"predecessor-version":[{"id":42,"href":"http:\/\/floresdecampomaior.pt\/es\/wp-json\/wp\/v2\/pages\/23\/revisions\/42"}],"wp:attachment":[{"href":"http:\/\/floresdecampomaior.pt\/es\/wp-json\/wp\/v2\/media?parent=23"}],"curies":[{"name":"wp","href":"https:\/\/api.w.org\/{rel}","templated":true}]}}