{"id":15,"date":"2016-06-02T13:23:08","date_gmt":"2016-06-02T13:23:08","guid":{"rendered":"http:\/\/floresdecampomaior.pt\/es\/?page_id=15"},"modified":"2016-06-05T08:59:09","modified_gmt":"2016-06-05T08:59:09","slug":"una-tradicion-centenaria","status":"publish","type":"page","link":"http:\/\/floresdecampomaior.pt\/es\/una-tradicion-centenaria\/","title":{"rendered":"Una Tradici\u00f3n Centenaria"},"content":{"rendered":"<h3 style=\"text-align: justify;\"><img loading=\"lazy\" class=\"size-full wp-image-16 aligncenter\" src=\"http:\/\/floresdecampomaior.pt\/es\/wp-content\/uploads\/2016\/06\/tradicao-centenaria.jpg\" alt=\"Tradici\u00f3n Centenaria\" width=\"1200\" height=\"280\" srcset=\"http:\/\/floresdecampomaior.pt\/es\/wp-content\/uploads\/2016\/06\/tradicao-centenaria.jpg 1200w, http:\/\/floresdecampomaior.pt\/es\/wp-content\/uploads\/2016\/06\/tradicao-centenaria-300x70.jpg 300w, http:\/\/floresdecampomaior.pt\/es\/wp-content\/uploads\/2016\/06\/tradicao-centenaria-768x179.jpg 768w, http:\/\/floresdecampomaior.pt\/es\/wp-content\/uploads\/2016\/06\/tradicao-centenaria-1024x239.jpg 1024w\" sizes=\"(max-width: 1200px) 100vw, 1200px\" \/><\/h3>\n<h3 style=\"text-align: justify;\">M\u00e1s de 120 a\u00f1os nos separan de la primera edici\u00f3n de las Festas do Povo.<\/h3>\n<h3 style=\"text-align: justify;\">Las celebraciones, fruto de las vicisitudes del tiempo y de la Historia, pasaron por muchas modificaciones, as\u00ed como las t\u00e9cnicas y las formas de trabajar el papel\u2026<\/h3>\n<h3 style=\"text-align: justify;\">A pesar de esto, el amor, el cari\u00f1o y la dedicaci\u00f3n que las mujeres y los hombres de Campo Maior colocan en cada flor, en cada p\u00e9talo, permanecen inalterados.<\/h3>\n<h3 style=\"text-align: justify;\">Y es toda esa dedicaci\u00f3n que, de padres a hijos, va perpetuando este arte, tan \u201ccampomaiorense\u201d, de trabajar el papel.<\/h3>\n<h2 style=\"text-align: justify;\">Pasados m\u00e1s de 120 a\u00f1os, cu\u00e1l es la fuerza que empuja a miles de personas a trabajar voluntariamente, durante cerca de un a\u00f1o, para hacer las Festas do Povo de Campo Maior?<\/h2>\n","protected":false},"excerpt":{"rendered":"<p>M\u00e1s de 120 a\u00f1os nos separan de la primera edici\u00f3n de las Festas do Povo. Las celebraciones, fruto de las vicisitudes del tiempo y de la Historia, pasaron por muchas modificaciones, as\u00ed como las t\u00e9cnicas y las formas de trabajar el papel\u2026 A pesar de esto, el amor, el cari\u00f1o y la dedicaci\u00f3n que las [&hellip;]<\/p>\n","protected":false},"author":1,"featured_media":0,"parent":0,"menu_order":0,"comment_status":"closed","ping_status":"closed","template":"","meta":{"spay_email":""},"jetpack_sharing_enabled":true,"jetpack_shortlink":"https:\/\/wp.me\/P7CsTU-f","_links":{"self":[{"href":"http:\/\/floresdecampomaior.pt\/es\/wp-json\/wp\/v2\/pages\/15"}],"collection":[{"href":"http:\/\/floresdecampomaior.pt\/es\/wp-json\/wp\/v2\/pages"}],"about":[{"href":"http:\/\/floresdecampomaior.pt\/es\/wp-json\/wp\/v2\/types\/page"}],"author":[{"embeddable":true,"href":"http:\/\/floresdecampomaior.pt\/es\/wp-json\/wp\/v2\/users\/1"}],"replies":[{"embeddable":true,"href":"http:\/\/floresdecampomaior.pt\/es\/wp-json\/wp\/v2\/comments?post=15"}],"version-history":[{"count":5,"href":"http:\/\/floresdecampomaior.pt\/es\/wp-json\/wp\/v2\/pages\/15\/revisions"}],"predecessor-version":[{"id":46,"href":"http:\/\/floresdecampomaior.pt\/es\/wp-json\/wp\/v2\/pages\/15\/revisions\/46"}],"wp:attachment":[{"href":"http:\/\/floresdecampomaior.pt\/es\/wp-json\/wp\/v2\/media?parent=15"}],"curies":[{"name":"wp","href":"https:\/\/api.w.org\/{rel}","templated":true}]}}